{"id":84,"date":"2024-02-12T21:48:57","date_gmt":"2024-02-12T20:48:57","guid":{"rendered":"https:\/\/conbases.com\/?page_id=84"},"modified":"2024-02-15T02:09:36","modified_gmt":"2024-02-15T07:09:36","slug":"nosotros","status":"publish","type":"page","link":"https:\/\/conbases.com\/index.php\/nosotros\/","title":{"rendered":"Nosotros"},"content":{"rendered":"\t\t<div data-elementor-type=\"wp-page\" data-elementor-id=\"84\" class=\"elementor elementor-84\">\n\t\t\t\t<div class=\"elementor-element elementor-element-17776c2 e-flex e-con-boxed e-con e-parent\" data-id=\"17776c2\" data-element_type=\"container\" data-settings=\"{&quot;content_width&quot;:&quot;boxed&quot;}\" data-core-v316-plus=\"true\">\n\t\t\t\t\t<div class=\"e-con-inner\">\n\t\t<div class=\"elementor-element elementor-element-d5b4095 e-flex e-con-boxed e-con e-child\" data-id=\"d5b4095\" data-element_type=\"container\" data-settings=\"{&quot;content_width&quot;:&quot;boxed&quot;}\">\n\t\t\t\t\t<div class=\"e-con-inner\">\n\t\t\t\t<div class=\"elementor-element elementor-element-114f181 elementor-widget elementor-widget-heading\" data-id=\"114f181\" data-element_type=\"widget\" data-widget_type=\"heading.default\">\n\t\t\t\t<div class=\"elementor-widget-container\">\n\t\t\t<style>\/*! elementor - v3.19.0 - 07-02-2024 *\/\n.elementor-heading-title{padding:0;margin:0;line-height:1}.elementor-widget-heading .elementor-heading-title[class*=elementor-size-]>a{color:inherit;font-size:inherit;line-height:inherit}.elementor-widget-heading .elementor-heading-title.elementor-size-small{font-size:15px}.elementor-widget-heading .elementor-heading-title.elementor-size-medium{font-size:19px}.elementor-widget-heading .elementor-heading-title.elementor-size-large{font-size:29px}.elementor-widget-heading .elementor-heading-title.elementor-size-xl{font-size:39px}.elementor-widget-heading .elementor-heading-title.elementor-size-xxl{font-size:59px}<\/style><h2 class=\"elementor-heading-title elementor-size-default\">\u00bfQui\u00e9nes somos?<\/h2>\t\t<\/div>\n\t\t\t\t<\/div>\n\t\t\t\t<div class=\"elementor-element elementor-element-d904c36 elementor-widget elementor-widget-text-editor\" data-id=\"d904c36\" data-element_type=\"widget\" data-widget_type=\"text-editor.default\">\n\t\t\t\t<div class=\"elementor-widget-container\">\n\t\t\t<style>\/*! elementor - v3.19.0 - 07-02-2024 *\/\n.elementor-widget-text-editor.elementor-drop-cap-view-stacked .elementor-drop-cap{background-color:#69727d;color:#fff}.elementor-widget-text-editor.elementor-drop-cap-view-framed .elementor-drop-cap{color:#69727d;border:3px solid;background-color:transparent}.elementor-widget-text-editor:not(.elementor-drop-cap-view-default) .elementor-drop-cap{margin-top:8px}.elementor-widget-text-editor:not(.elementor-drop-cap-view-default) .elementor-drop-cap-letter{width:1em;height:1em}.elementor-widget-text-editor .elementor-drop-cap{float:left;text-align:center;line-height:1;font-size:50px}.elementor-widget-text-editor .elementor-drop-cap-letter{display:inline-block}<\/style>\t\t\t\t<p>ConBases SAS es una empresa constituida legalmente en el a\u00f1o 2021 y cuenta con una trayectoria laboral desde el a\u00f1o 2006 en el sector p\u00fablico y privado. En ConBases SAS ponemos a su disposici\u00f3n la experiencia t\u00e9cnica y profesional en el dise\u00f1o, ejecuci\u00f3n e interventor\u00edas de obras civiles, de un grupo de talento humano enfocado en lograr el mayor beneficio para nuestros clientes desde una administraci\u00f3n \u00f3ptima de los recursos y una b\u00fasqueda constante de alternativas que beneficien y cumplan con las exigencias, en cuesti\u00f3n de calidad del servicio, de todos y cada uno de ellos.<\/p>\t\t\t\t\t\t<\/div>\n\t\t\t\t<\/div>\n\t\t\t\t\t<\/div>\n\t\t\t\t<\/div>\n\t\t\t\t\t<\/div>\n\t\t\t\t<\/div>\n\t\t<div class=\"elementor-element elementor-element-d384013 e-flex e-con-boxed e-con e-parent\" data-id=\"d384013\" data-element_type=\"container\" data-settings=\"{&quot;background_background&quot;:&quot;slideshow&quot;,&quot;background_slideshow_gallery&quot;:[{&quot;id&quot;:246,&quot;url&quot;:&quot;https:\\\/\\\/conbases.com\\\/wp-content\\\/uploads\\\/2024\\\/02\\\/carrusel4.png&quot;},{&quot;id&quot;:245,&quot;url&quot;:&quot;https:\\\/\\\/conbases.com\\\/wp-content\\\/uploads\\\/2024\\\/02\\\/carrusel3.png&quot;},{&quot;id&quot;:244,&quot;url&quot;:&quot;https:\\\/\\\/conbases.com\\\/wp-content\\\/uploads\\\/2024\\\/02\\\/carrusel2.png&quot;},{&quot;id&quot;:243,&quot;url&quot;:&quot;https:\\\/\\\/conbases.com\\\/wp-content\\\/uploads\\\/2024\\\/02\\\/carrusel1.png&quot;},{&quot;id&quot;:242,&quot;url&quot;:&quot;https:\\\/\\\/conbases.com\\\/wp-content\\\/uploads\\\/2024\\\/02\\\/carrusel1.0.png&quot;}],&quot;content_width&quot;:&quot;boxed&quot;,&quot;background_slideshow_loop&quot;:&quot;yes&quot;,&quot;background_slideshow_slide_duration&quot;:5000,&quot;background_slideshow_slide_transition&quot;:&quot;fade&quot;,&quot;background_slideshow_transition_duration&quot;:500}\" data-core-v316-plus=\"true\">\n\t\t\t\t\t<div class=\"e-con-inner\">\n\t\t<div class=\"elementor-element elementor-element-242eb39 e-con-full e-flex e-con e-child\" data-id=\"242eb39\" data-element_type=\"container\" data-settings=\"{&quot;content_width&quot;:&quot;full&quot;,&quot;background_background&quot;:&quot;classic&quot;}\">\n\t\t\t\t<div class=\"elementor-element elementor-element-c35d640 elementor-widget elementor-widget-heading\" data-id=\"c35d640\" data-element_type=\"widget\" data-widget_type=\"heading.default\">\n\t\t\t\t<div class=\"elementor-widget-container\">\n\t\t\t<h2 class=\"elementor-heading-title elementor-size-default\">Nuestra  Misi\u00f3n<\/h2>\t\t<\/div>\n\t\t\t\t<\/div>\n\t\t\t\t<div class=\"elementor-element elementor-element-f8d41bb elementor-widget elementor-widget-text-editor\" data-id=\"f8d41bb\" data-element_type=\"widget\" data-widget_type=\"text-editor.default\">\n\t\t\t\t<div class=\"elementor-widget-container\">\n\t\t\t\t\t\t\t<p>ConBases se enfoca en mejorar la calidad de vida de las personas a trav\u00e9s de un integrado conjunto de herramientas que inspiran soluciones sociales y ambientalmente responsables, y que, a su vez, contribuyen con el desarrollo y progreso del municipio, la regi\u00f3n, el pa\u00eds y su comunidad.<\/p>\t\t\t\t\t\t<\/div>\n\t\t\t\t<\/div>\n\t\t\t\t<\/div>\n\t\t\t\t\t<\/div>\n\t\t\t\t<\/div>\n\t\t<div class=\"elementor-element elementor-element-c2e117d e-flex e-con-boxed e-con e-parent\" data-id=\"c2e117d\" data-element_type=\"container\" data-settings=\"{&quot;content_width&quot;:&quot;boxed&quot;}\" data-core-v316-plus=\"true\">\n\t\t\t\t\t<div class=\"e-con-inner\">\n\t\t<div class=\"elementor-element elementor-element-a17b4c0 e-con-full e-flex e-con e-child\" data-id=\"a17b4c0\" data-element_type=\"container\" data-settings=\"{&quot;content_width&quot;:&quot;full&quot;}\">\n\t\t\t\t<div class=\"elementor-element elementor-element-6949c85 elementor-widget elementor-widget-text-editor\" data-id=\"6949c85\" data-element_type=\"widget\" data-widget_type=\"text-editor.default\">\n\t\t\t\t<div class=\"elementor-widget-container\">\n\t\t\t\t\t\t\t<p>Nos comprometemos a brindar servicios de la m\u00e1s alta calidad. Por ello, nuestro enfoque se basa en obtener resultados medibles y perdurables, respaldados por la experiencia y el compromiso de nuestros consultores.<\/p>\t\t\t\t\t\t<\/div>\n\t\t\t\t<\/div>\n\t\t\t\t<\/div>\n\t\t<div class=\"elementor-element elementor-element-99d7e1f e-con-full e-flex e-con e-child\" data-id=\"99d7e1f\" data-element_type=\"container\" data-settings=\"{&quot;content_width&quot;:&quot;full&quot;,&quot;background_background&quot;:&quot;classic&quot;}\">\n\t\t\t\t<div class=\"elementor-element elementor-element-fae42b6 elementor-widget elementor-widget-text-editor\" data-id=\"fae42b6\" data-element_type=\"widget\" data-widget_type=\"text-editor.default\">\n\t\t\t\t<div class=\"elementor-widget-container\">\n\t\t\t\t\t\t\t<p>La experiencia nos capacita para proporcionar soluciones personalizadas y estrat\u00e9gicas que se ajustan a las necesidades espec\u00edficas de cada cliente.<\/p>\t\t\t\t\t\t<\/div>\n\t\t\t\t<\/div>\n\t\t\t\t<\/div>\n\t\t\t\t\t<\/div>\n\t\t\t\t<\/div>\n\t\t<div class=\"elementor-element elementor-element-e3674fd e-flex e-con-boxed e-con e-parent\" data-id=\"e3674fd\" data-element_type=\"container\" data-settings=\"{&quot;background_background&quot;:&quot;slideshow&quot;,&quot;background_slideshow_gallery&quot;:[{&quot;id&quot;:384,&quot;url&quot;:&quot;https:\\\/\\\/conbases.com\\\/wp-content\\\/uploads\\\/2024\\\/02\\\/c1.png&quot;},{&quot;id&quot;:385,&quot;url&quot;:&quot;https:\\\/\\\/conbases.com\\\/wp-content\\\/uploads\\\/2024\\\/02\\\/c2.png&quot;},{&quot;id&quot;:386,&quot;url&quot;:&quot;https:\\\/\\\/conbases.com\\\/wp-content\\\/uploads\\\/2024\\\/02\\\/c3.png&quot;},{&quot;id&quot;:387,&quot;url&quot;:&quot;https:\\\/\\\/conbases.com\\\/wp-content\\\/uploads\\\/2024\\\/02\\\/c4.png&quot;}],&quot;content_width&quot;:&quot;boxed&quot;,&quot;background_slideshow_loop&quot;:&quot;yes&quot;,&quot;background_slideshow_slide_duration&quot;:5000,&quot;background_slideshow_slide_transition&quot;:&quot;fade&quot;,&quot;background_slideshow_transition_duration&quot;:500}\" data-core-v316-plus=\"true\">\n\t\t\t\t\t<div class=\"e-con-inner\">\n\t\t<div class=\"elementor-element elementor-element-1cf75b0 e-con-full e-flex e-con e-child\" data-id=\"1cf75b0\" data-element_type=\"container\" data-settings=\"{&quot;content_width&quot;:&quot;full&quot;,&quot;background_background&quot;:&quot;classic&quot;}\">\n\t\t\t\t<div class=\"elementor-element elementor-element-fc6f480 elementor-widget elementor-widget-heading\" data-id=\"fc6f480\" data-element_type=\"widget\" data-widget_type=\"heading.default\">\n\t\t\t\t<div class=\"elementor-widget-container\">\n\t\t\t<h2 class=\"elementor-heading-title elementor-size-default\">Nuestra  Visi\u00f3n<\/h2>\t\t<\/div>\n\t\t\t\t<\/div>\n\t\t\t\t<div class=\"elementor-element elementor-element-4b3aa55 elementor-widget elementor-widget-text-editor\" data-id=\"4b3aa55\" data-element_type=\"widget\" data-widget_type=\"text-editor.default\">\n\t\t\t\t<div class=\"elementor-widget-container\">\n\t\t\t\t\t\t\t<p>Trabajar con honestidad por hacer de ConBases una empresa rentable y sostenible, con un excelente clima laboral que lleve a su talento humano a dar lo mejor de s\u00ed, generando soluciones a los desaf\u00edos y satisfaciendo las necesidades que se presentan en una comunidad.<\/p>\t\t\t\t\t\t<\/div>\n\t\t\t\t<\/div>\n\t\t\t\t<\/div>\n\t\t\t\t\t<\/div>\n\t\t\t\t<\/div>\n\t\t<div class=\"elementor-element elementor-element-1fb338f e-flex e-con-boxed e-con e-parent\" data-id=\"1fb338f\" data-element_type=\"container\" data-settings=\"{&quot;content_width&quot;:&quot;boxed&quot;}\" data-core-v316-plus=\"true\">\n\t\t\t\t\t<div class=\"e-con-inner\">\n\t\t\t\t<div class=\"elementor-element elementor-element-33665fc elementor-widget elementor-widget-spacer\" data-id=\"33665fc\" data-element_type=\"widget\" data-widget_type=\"spacer.default\">\n\t\t\t\t<div class=\"elementor-widget-container\">\n\t\t\t<style>\/*! elementor - v3.19.0 - 07-02-2024 *\/\n.elementor-column .elementor-spacer-inner{height:var(--spacer-size)}.e-con{--container-widget-width:100%}.e-con-inner>.elementor-widget-spacer,.e-con>.elementor-widget-spacer{width:var(--container-widget-width,var(--spacer-size));--align-self:var(--container-widget-align-self,initial);--flex-shrink:0}.e-con-inner>.elementor-widget-spacer>.elementor-widget-container,.e-con>.elementor-widget-spacer>.elementor-widget-container{height:100%;width:100%}.e-con-inner>.elementor-widget-spacer>.elementor-widget-container>.elementor-spacer,.e-con>.elementor-widget-spacer>.elementor-widget-container>.elementor-spacer{height:100%}.e-con-inner>.elementor-widget-spacer>.elementor-widget-container>.elementor-spacer>.elementor-spacer-inner,.e-con>.elementor-widget-spacer>.elementor-widget-container>.elementor-spacer>.elementor-spacer-inner{height:var(--container-widget-height,var(--spacer-size))}.e-con-inner>.elementor-widget-spacer.elementor-widget-empty,.e-con>.elementor-widget-spacer.elementor-widget-empty{position:relative;min-height:22px;min-width:22px}.e-con-inner>.elementor-widget-spacer.elementor-widget-empty .elementor-widget-empty-icon,.e-con>.elementor-widget-spacer.elementor-widget-empty .elementor-widget-empty-icon{position:absolute;top:0;bottom:0;left:0;right:0;margin:auto;padding:0;width:22px;height:22px}<\/style>\t\t<div class=\"elementor-spacer\">\n\t\t\t<div class=\"elementor-spacer-inner\"><\/div>\n\t\t<\/div>\n\t\t\t\t<\/div>\n\t\t\t\t<\/div>\n\t\t\t\t\t<\/div>\n\t\t\t\t<\/div>\n\t\t<div class=\"elementor-element elementor-element-83ca3fa e-flex e-con-boxed e-con e-parent\" data-id=\"83ca3fa\" data-element_type=\"container\" data-settings=\"{&quot;content_width&quot;:&quot;boxed&quot;}\" data-core-v316-plus=\"true\">\n\t\t\t\t\t<div class=\"e-con-inner\">\n\t\t\t\t<div class=\"elementor-element elementor-element-b20702d elementor-widget elementor-widget-heading\" data-id=\"b20702d\" data-element_type=\"widget\" data-widget_type=\"heading.default\">\n\t\t\t\t<div class=\"elementor-widget-container\">\n\t\t\t<h2 class=\"elementor-heading-title elementor-size-default\">\u00danete a nuestro \u00e9xito y perm\u00edtenos ser la clave para superar los desaf\u00edos de tu empresa.<\/h2>\t\t<\/div>\n\t\t\t\t<\/div>\n\t\t\t\t<div class=\"elementor-element elementor-element-0921d1c elementor-widget elementor-widget-text-editor\" data-id=\"0921d1c\" data-element_type=\"widget\" data-widget_type=\"text-editor.default\">\n\t\t\t\t<div class=\"elementor-widget-container\">\n\t\t\t\t\t\t\t<p>Convertimos desaf\u00edos en oportunidades y esperamos convertirnos en tu socio de confianza. No dudes en contactarnos para descubrir c\u00f3mo podemos ayudarte.<\/p>\t\t\t\t\t\t<\/div>\n\t\t\t\t<\/div>\n\t\t\t\t<div class=\"elementor-element elementor-element-b18fd48 elementor-widget elementor-widget-button\" data-id=\"b18fd48\" data-element_type=\"widget\" data-widget_type=\"button.default\">\n\t\t\t\t<div class=\"elementor-widget-container\">\n\t\t\t\t\t<div class=\"elementor-button-wrapper\">\n\t\t\t<a class=\"elementor-button elementor-button-link elementor-size-sm elementor-animation-grow\" href=\"https:\/\/conbases.com\/index.php\/contactanos\/\">\n\t\t\t\t\t\t<span class=\"elementor-button-content-wrapper\">\n\t\t\t\t\t\t<span class=\"elementor-button-text\">Haz clic aqu\u00ed<\/span>\n\t\t<\/span>\n\t\t\t\t\t<\/a>\n\t\t<\/div>\n\t\t\t\t<\/div>\n\t\t\t\t<\/div>\n\t\t\t\t\t<\/div>\n\t\t\t\t<\/div>\n\t\t\t\t<\/div>\n\t\t","protected":false},"excerpt":{"rendered":"<p>\u00bfQui\u00e9nes somos? ConBases SAS es una empresa constituida legalmente en el a\u00f1o 2021 y cuenta con una trayectoria laboral desde el a\u00f1o 2006 en el sector p\u00fablico y privado. En ConBases SAS ponemos a su disposici\u00f3n la experiencia t\u00e9cnica y profesional en el dise\u00f1o, ejecuci\u00f3n e interventor\u00edas de obras civiles, de un grupo de talento [&hellip;]<\/p>\n","protected":false},"author":1,"featured_media":0,"parent":0,"menu_order":0,"comment_status":"closed","ping_status":"closed","template":"","meta":{"footnotes":""},"_links":{"self":[{"href":"https:\/\/conbases.com\/index.php\/wp-json\/wp\/v2\/pages\/84"}],"collection":[{"href":"https:\/\/conbases.com\/index.php\/wp-json\/wp\/v2\/pages"}],"about":[{"href":"https:\/\/conbases.com\/index.php\/wp-json\/wp\/v2\/types\/page"}],"author":[{"embeddable":true,"href":"https:\/\/conbases.com\/index.php\/wp-json\/wp\/v2\/users\/1"}],"replies":[{"embeddable":true,"href":"https:\/\/conbases.com\/index.php\/wp-json\/wp\/v2\/comments?post=84"}],"version-history":[{"count":31,"href":"https:\/\/conbases.com\/index.php\/wp-json\/wp\/v2\/pages\/84\/revisions"}],"predecessor-version":[{"id":469,"href":"https:\/\/conbases.com\/index.php\/wp-json\/wp\/v2\/pages\/84\/revisions\/469"}],"wp:attachment":[{"href":"https:\/\/conbases.com\/index.php\/wp-json\/wp\/v2\/media?parent=84"}],"curies":[{"name":"wp","href":"https:\/\/api.w.org\/{rel}","templated":true}]}}